{"id":7,"date":"2009-05-15T15:28:50","date_gmt":"2009-05-15T20:28:50","guid":{"rendered":"http:\/\/lollardsociety.org\/?page_id=7"},"modified":"2019-02-05T12:36:25","modified_gmt":"2019-02-05T17:36:25","slug":"collections-of-articles","status":"publish","type":"page","link":"https:\/\/lollardsociety.org\/?page_id=7","title":{"rendered":"Article Collections"},"content":{"rendered":"<p>The books listed in this section contain more than one article listed elsewhere by a shortened reference (which is given by name, and then by title as well if necessary).&nbsp; These are kept here on a separate page because studies in them are cited across all of the other pages on this site.&nbsp; Links from those references will connect you back to the full reference on this page.<\/p>\n<hr>\n<p><strong>COLLECTIONS OF ARTICLES<\/strong><\/p>\n<p><a name=\"alford\"><\/a>Alford, John, ed. <em>A Companion to Piers Plowman<\/em>. Berkeley: Univ. of California Press, 1988.<\/p>\n<p><a name=\"amblerburgess\"><\/a>Ambler, Rod, and Glenn Burgess. <em>Historical Research<\/em> 77.195 (Feb. 2004). [This is a volume of essays in appreciation of the work of A.G. Dickens (1910-2001). Essays are not listed individually below.]<\/p>\n<p><a name=\"astonreformers\"><\/a>Aston, Margaret. <em>Lollards and Reformers: Images and Literacy in Late Medieval Religion<\/em>. London: Hambledon, 1984.<\/p>\n<p><a name=\"astonfire\"><\/a>&#8212;. <em>Faith and Fire: Popular and Unpopular Religion, 1350-1600<\/em>. London: Hambledon, 1993.<\/p>\n<p><a name=\"richmond\"><\/a>Aston, M. and Colin Richmond, eds. <em>Lollardy and the Gentry in the Later Middle Ages.<\/em> New York: St. Martin\u2019s, 1997.<\/p>\n<p><a name=\"bagchisteinmetz\"><\/a>Bagchi, David V.N. and David C. Steinmetz. <em>The Cambridge Companion to Reformation Theology<\/em>. Cambridge: Cambridge Univ. Press, 2007.<\/p>\n<p><a name=\"bakerschism\"><\/a>Baker, Derek, ed. <em>Schism, Heresy, and Religious Protest<\/em>. Studies in Church History 9. Cambridge: Cambridge Univ. Press, 1972.<\/p>\n<p><a name=\"bakermaterials\"><\/a>&#8212;, ed. <em>The Materials, Sources, and Methods of Ecclesiastical History<\/em>. Studies in Church History 11. London: Barnes and Noble, 1975.<\/p>\n<p><a name=\"barrhutchinson\"><\/a>Barr, Helen, and Ann M. Hutchinson, eds.<em> Text and Controversy from Wyclif to Bale: Essays in Honour of Anne Hudson<\/em>. Turnhout: Brepols, 2005.<\/p>\n<p><a name=\"beer\"><\/a>Beer, Jeanette. <em>Translation Theory and Practice in the Middle Ages<\/em>. Kalamazoo: Western Michigan Univ. Press, 1997.<\/p>\n<p><a name=\"bensksam\"><\/a>Benskin, M., and M.L. Samuels, eds. <em>So Meny People, Longages, and Tonges: Philological Essays in Scots and Mediaeval English Presented to Angus McIntosh<\/em>. Edinburgh: Middle English Dialect Project, 1981.<\/p>\n<p><a name=\"bergstromcopsey\"><\/a>Bergstr\u00f6m-Allen, Johan, and Richard Copsey, eds. <em>Thomas Netter of Walden: Carmelite, Diplomant, and Theologian (c. 1372-1430)<\/em>. Faversham, Kent: <a href=\"http:\/\/www.carmelite.org\/index.php?nuc=content&amp;id=5\" target=\"_blank\" rel=\"noopener\">St. Albert&#8217;s Press<\/a>, 2009.<\/p>\n<p><a name=\"billerhudson\"><\/a>Biller, Peter, and Anne Hudson, eds. <em>Heresy and Literacy, 1000-1530<\/em>. Cambridge Studies in Medieval Literature 23. Cambridge: Cambridge Univ. Press, 1994.<\/p>\n<p><a name=\"billerdobson\"><\/a>Biller, Peter, and Barrie Dobson, eds. <em>The Medieval Church: Universities, Heresy, and the Religious Life<\/em>. Studies in Church History, Subsidia 11. Woodbridge: Boydell and Brewer, 1999.<\/p>\n<p><a name=\"boffscatt\"><\/a>Boffey, J., and V.J. Scattergood, eds. <em>Texts and their Contexts: Papers from the Early Book Society<\/em>. Dublin: Four Courts Press, 1998.<\/p>\n<p><a name=\"bosehorn\"><\/a>Bose, Mishtooni C.A., and J. Patrick Hornbeck, Eds. <a href=\"http:\/\/www.brepols.net\/Pages\/ShowProduct.aspx?prod_id=IS-9782503534572-1\" target=\"_blank\" rel=\"noopener\"><em>Wycliffite Controversies<\/em><\/a>. Medieval Church Studies 23. Turnhout: Brepols, 2012.<\/p>\n<p><a name=\"broccsim\"><\/a>Brocchieri, Mariateresa F.B., and Stefano Simonetta, eds. <em>John Wyclif: logica, politica, teologia. Atti del convegno internazionale, Milano, 12-13 febbraio 1999<\/em>. Tavarnuzze (Firenze): SISMEL, 2003.<\/p>\n<p><a name=\"cattoevans\"><\/a>Catto, J.I., and Ralph Evans, eds. <em>The History of the University of Oxford<\/em>. Vol. 2, Late Medieval Oxford. Oxford: Oxford Univ. Press, 1992.<\/p>\n<p><a name=\"clark\"><\/a>Clark, Linda, ed. <em>Authority and Subservsion<\/em>. The Fifteenth Century, 3. Woodbridge: Boydell, 2003.<\/p>\n<p><a name=\"astonfest\"><\/a>Clark, Linda, Maureen Jurkowski, and Colin Richmond, eds. <em>Image, Text, and Church, 1380-1600: Essays for Margaret Aston<\/em>. Papers in Medieval Studies 20. Toronto: Pontifical Institute of Medieval Studies, 2009.<\/p>\n<p><a name=\"copeland\"><\/a>Copeland, Rita, ed. <em>Criticism and Dissent in the Middle Ages<\/em>. Cambridge: Cambridge Univ. Press, 1996.<\/p>\n<p><a name=\"copelandetal\"><\/a>Copeland, Rita, David Lawton, and Wendy Scase, eds. <em>New Medieval Literatures II<\/em>. Oxford: Clarendon, 1998.<\/p>\n<p><a name=\"corbellini\"><\/a>Corbellini, Sabrina, ed. <em>Cultures of Religious Reading in the Late Middle Ages: Instructing the Soul, Feeding the Spirit, and Awakening the Passion<\/em>. Turnhout, Belgium: Brepols, 2013.<\/p>\n<p><a name=\"corbhoog\"><\/a>Corbellini, Sabrina, Margriet Hoogvliet, and Bart Ramakers, eds. <em>Discovering the Riches of the Word: Religious Reading in Late Medieval and Early Modern Europe<\/em>. Leiden: Brill, 2015.<\/p>\n<p><a name=\"cuming\"><\/a>Cuming, G.J., ed. <em>The Church and Academic Learning<\/em>. Studies in Church History 5. Leiden: E.J. Brill, 1969.<\/p>\n<p><a name=\"denery\"><\/a>Denery, Dallas G., Kantik Ghosh, and Nicolette Zeeman, eds. <em>Uncertain Knowledge: Scepticism, Relativism, and Doubt in the Middle Ages<\/em>. Turnhout, Beligum: Brepols, 2014.<\/p>\n<p><a name=\"dimmicketal\"><\/a>Dimmick, Jeremy, James Simpson, and Nicolette Zeeman, eds. <em>Images, Idolatry, and Iconoclasm in Medieval England: Textuality and the Visual Image<\/em>. Oxford: Oxford Univ. Press, 2002.<\/p>\n<p><a name=\"dobson\"><\/a>Dobson, Barrie, ed. <em>Church, Politics and Patronage in the Fifteenth Century<\/em>. New York: Alan Sutton, 1984.<\/p>\n<p><a name=\"edwards\"><\/a>Edwards, A.S.G., ed. <em>A Companion to Middle English Prose.<\/em>. New Brunswick: Rutgers Univ. Press, 1984.<\/p>\n<p><a name=\"edwards2004\"><\/a>Edwards, A.S.G., ed. <em>Middle English Prose: A Critical Guide to Major Authors and Genres<\/em>. Woodbridge: D.S. Brewer, 2004.<\/p>\n<p><a name=\"edwardspearsall\"><\/a>Edwards, A.S.G., and Derek Pearsall, eds. <em>Middle English Prose: Essays on Bibliographical Problems<\/em>. New York: Garland, 1981.<\/p>\n<p><a name=\"flannery\"><\/a>Flannery, Mary C. and Katie L. Walker, eds. <em>The Culture of Inquisition in Medieval England<\/em>. Cambridge: D.S. Brewer, 2013.<\/p>\n<p><a name=\"fletcher\"><\/a>Fletcher, Alan J. <em>Preaching and Politics in Late Medieval England<\/em>. Dublin: Four Courts Press, 1998.<\/p>\n<p><a name=\"fumisimon\"><\/a>Fumigalli, Maria Theresa, and Stefano Simonietta, eds. <em>John Wyclif: Logica, Politica, Teologia<\/em>. Florence: SISMEL, 2003.<\/p>\n<p><a name=\"gillghosh\"><\/a>Gillespie, Vincent, and Kantik Ghosh, eds. <a href=\"http:\/\/www.brepols.net\/Pages\/ShowProduct.aspx?prod_id=IS-9782503534022-1\" target=\"_blank\" rel=\"noopener\"><em>After Arundel: Religious Writing in Fifteenth-Century England<\/em><\/a>. Medieval Church Studies 21. Turnhout: Brepols, 2012.<\/p>\n<p><a name=\"given\"><\/a>Given-Wilson, Christopher, ed. <em>Fourteenth Century England II<\/em>. Woodbridge: Boydell and Brewer, 2002.<\/p>\n<p><a name=\"dnb\"><\/a>Goldman, Lawrence, ed. <em>Oxford Dictionary of National Biography<\/em>. Oxford: Oxford University Press, 2004. Online edn. updated triennially. [A search of the term &#8220;Lollardy&#8221; turns up over 60 entries; not all are included on this bibliography. Note that some entries have been updated on line since the original 2004 publication.]<\/p>\n<p><a name=\"griffithspearsall\"><\/a>Griffiths, Jeremy, and Derek Pearsall, eds. <em>Book Production and Publishing in Britain 1375-1475<\/em>. Cambridge: Cambridge Univ. Press, 1989.<\/p>\n<p><a name=\"hanawalt\"><\/a>Hanawalt, Barbara, ed. <em>Chaucer\u2019s England: Literature in Historical Context<\/em>. Minneapolis: Univ. of Minnesota Press, 1992.<\/p>\n<p><a name=\"hanawaltwallace\"><\/a>Hanawalt, B., and David Wallace, eds. <em>Bodies and Disciplines: Intersections of Literature and History in Fifteenth Century England.<\/em> Minneapolis: Univ. of Minnesota Press, 1996.<\/p>\n<p><a name=\"hanna\"><\/a>Hanna III, Ralph. <em>Pursuing History: Middle English Manuscripts and Their Texts<\/em>. Stanford: Stanford Univ. Press, 1996.<\/p>\n<p><a name=\"hornbeckvandussen\"><\/a>Hornbeck, J. Patrick, and Michael Van Dussen, eds. <em>Europe after Wyclif<\/em>. New York: Fordham University Press, 2016.<\/p>\n<p><a name=\"horroxjones\"><\/a>Horrox, Rosemary, and Sarah Rees Jones, eds. <em>Pragmatic Utopias: Ideals and Communities, 1200-1630<\/em>. Cambridge: Cambridge Univ. Press, 2001.<\/p>\n<p><a name=\"hornickova\"><\/a>Horni\u0301c\u030ckova\u0301,&nbsp;Kater\u030cina and&nbsp;Michal \u0160ron\u011bk.&nbsp;<em>From Hus to Luther: Visual Culture in the Bohemian Reformation <\/em><em>(1380-1620). Medieval Church Studies 33. Turnhout: Brepols, 2016.<\/em><\/p>\n<p><a name=\"hudsonbooks\"><\/a>Hudson, Anne. <em>Lollards and Their Books<\/em>. London: Hambledon, 1985.<\/p>\n<p><a name=\"hudsonstudies\"><\/a>Hudson, Anne. <em>Studies in the Transmission of Wyclif\u2019s Writings<\/em>. Ashgate Variorum, 2008.<\/p>\n<p><a name=\"hudsonwilks\"><\/a>Hudson, Anne, and M. Wilks, eds. <em>From Ockham to Wyclif<\/em>. Studies in Church History, Subsidia 5. Oxford: Basil Blackwell, 1987.<\/p>\n<p><a name=\"johnwyclif\"><\/a><em>John Wyclif e la tradizione degli studi biblici in Inghilterra<\/em>. [No editor given.] Genova: Il Melangolo, 1987.<\/p>\n<p><a name=\"pseudobon\"><\/a>Johnson, Ian and Allan F. Westphall, eds. <i>The Pseudo-Bonaventuran Lives of Christ: Exploring the Middle English Tradition<\/i>. Medieval Church Studies 24. Turnhout, Belgium: Brepols, 2013.<\/p>\n<p><a name=\"justicekerby\"><\/a>Justice, S., and K. Kerby-Fulton, eds. <em>Written Work: Langland, Labor and Authorship<\/em>. Philadelphia: Univ. of Pennsylvania Press, 1997.<\/p>\n<p><a name=\"kenny\"><\/a>Kenny, Anthony, ed.&nbsp;<em>Wyclif in His Times<\/em>. Oxford: Clarendon, 1986.<\/p>\n<p><a name=\"lasek\"><\/a>L\u00e1\u0161ek, Jan Bl\u00e2hoslav. <em>Jan Hus mezi epochami, n\u00e1rody a konfesemi<\/em>. Praha: Cesk\u00e1 krestansk\u00e1 akademie: Husitsk\u00e1 teologick\u00e1 fakulta Univerzity Karlovy, 1995.<\/p>\n<p><a name=\"lawtonetal\"><\/a>Lawton, David, Rita Copeland, and Wendy Scase, eds. <em>New Medieval Literatures III<\/em>. Oxford: Clarendon, 1999.<\/p>\n<p><a name=\"levy\"><\/a>Levy, Ian C. <em>A Companion to John Wyclif<\/em>. Leiden: Brill, 2006.<\/p>\n<p><a name=\"levymacy\"><\/a>Levy, Ian C., Gary Macy, and Kristen Van Ausdall, eds. <i>A Companion to the Eucharist in the Middle Ages<\/i>. Leiden: Koninklijke Brill NV, 2012.<\/p>\n<p><a name=\"minniscrux\"><\/a>Minnis, A.J., ed. <em>Crux and Controversy in Middle English Textual Criticism<\/em>. Woodbridge: D.S. Brewer, 1992.<\/p>\n<p><a name=\"minnislate\"><\/a>&#8212;, ed. <em>Late Medieval Religious Texts and Their Transmission: Essays in Honour of A.I. Doyle<\/em>. Woodbridge: D.S. Brewer, 1994.<\/p>\n<p><a name=\"morganthomson\"><\/a>Morgan, Nigel, and Rodney M. Thomson, eds. <em>The Cambridge History of the Book in Britain, vol. 2: 1100-1400<\/em>. Cambridge: Cambridge Univ. Press, 2008.<\/p>\n<p><a name=\"nicholswenzel\"><\/a>Nichols, Stephen, and Siegfried Wenzel, eds. <em>The Whole Book: Cultural Perspectives on the Medieval Miscellany<\/em>. Ann Arbor: Univ. of Michigan Press, 1996.<\/p>\n<p><a name=\"paneketal\"><\/a>P\u00e1nek, Jaroslav, Miloslav Pol\u00edvka, and Noemi Rejchrtov\u00e1, eds. <em>Hussitism\u2014Reformation\u2014Renaissance. Festschrift for Frantisek \u0160mahel on his Sixtieth Birthday<\/em>. Praha: Historicy \u00fastav, 1994.<\/p>\n<p><a name=\"patchsmahel\"><\/a>Patschovsky, A., and F. \u0160mahel, eds. <em>Eschatologie und Hussitismus<\/em>. Prague: Historisches Instit\u00fct, 1996.<\/p>\n<p><a name=\"pearsall\"><\/a>Pearsall, Derek, ed. <em>Studies in the Vernon Manuscript<\/em>. Woodbridge: D.S. Brewer, 1990.<\/p>\n<p><a name=\"poleglight\"><\/a>Poleg, Eyal, and Laura Light, eds. <em>Form and Function in the Late Medieval Bible<\/em>. Leiden: Brill, 2013.<\/p>\n<p><a name=\"scaseetal\"><\/a>Scase, Wendy, Rita Copeland, and David Lawton, eds. <em>New Medieval Literatures I<\/em>. Oxford: Clarendon, 1997.<\/p>\n<p><a name=\"seibt\"><\/a>Seibt, Ferdinand <em>et al<\/em>., eds. <em>Jan Hus: Zwischen Zeiten, Volkern, Konfessionen<\/em>. Veroffentlichungen des Collegium Carolinum, 85. Munich: R. Oldenbourg, 1997.<\/p>\n<p><a name=\"sheilsvoluntary\"><\/a>Sheils, W.J., and Diana Wood, eds. <em>Voluntary Religion<\/em>. Studies in Church History 23. Oxford: Basil Blackwell, 1986.<\/p>\n<p><a name=\"sheilschurch\"><\/a>Sheils, W.J., and Diana Wood, eds. <em>The Church and Wealth<\/em>. Studies in Church History 24. Oxford, Basil Blackwell, 1987.<\/p>\n<p><a name=\"smahelmuller\"><\/a>\u0160mahel, Frantisek, and Elizabeth M\u00fcller-Luckner, eds. <em>H\u00e4resie und vorzeitige Reformation im Sp\u00e4tmittelalter<\/em>. M\u00fcnchen: Oldenburg, 1998.<\/p>\n<p><a name=\"solopova\"><\/a>Solopova, Elizabeth, ed. <em>The Wycliffite Bible: Origin, History and Interpretation<\/em>. Leiden: Brill, 2016.<\/p>\n<p><a name=\"somhavpit\"><\/a>Somerset, Fiona, Jill Havens, and Derrick Pitard, eds. <em>Lollards and Their Influence in Late Medieval England<\/em>. Woodbridge: Boydell Press, 2003.<\/p>\n<p><a name=\"somwat\"><\/a>Somerset, Fiona and Nicholas Watson. <em>The Vulgar Tongue: Medieval and Postmedieval Vernacularity<\/em>. University Park, PA: Pennsylvania State University Press, 2003.<\/p>\n<p><a name=\"southern\"><\/a>Southern, R.W., ed. <em>Oxford Studies Presented to Daniel Callus<\/em>. Oxford: Oxford Univ. Press, 1964.<\/p>\n<p><a name=\"spinka\"><\/a>Spinka, M. <em>Advocates of Reform from Wyclif to Erasmus<\/em>. Library of Christian Classics, vol. 14. Philadelphia: Westminster, 1953.<\/p>\n<p><a name=\"spufford\"><\/a>Spufford, Margaret, ed. <em>The World of Rural Dissenters, 1520-1725<\/em>. New York: Cambridge Univ. Press, 1995.<\/p>\n<p><a name=\"stanleygray\"><\/a>Stanley, Eric G., and Douglas Gray, eds. <em>Five Hundred Years of Words and Sounds: A Festschrift for Eric Dobson<\/em>. Woodbridge: D.S. Brewer, 1983.<\/p>\n<p><a name=\"richelobrichon\"><\/a>Riche, Pierre, and Guy Lobrichon, eds. <em>Le Moyen \u00c2ge et la Bible<\/em>. Paris: Editions Beauchesne, 1984.<\/p>\n<p><a name=\"&quot;vandsoukup\"><\/a>Van Dussen, Michael and Pavel Soukup, eds. <em>Religious Controversy in Europe, 1378-1536: Textual Transmission and Networks of Readership<\/em>. Turnhout, Beligum: Brepols, 2013.<\/p>\n<p><a name=\"vulic\"><\/a>Vulic\u0301, Kathryn, Susan Uselmann, and C. Annette Gris\u00e9, eds.&nbsp;<em>Devotional Literature and Practice in Medieval England: Readers, Reading and Reception<\/em>.&nbsp;Disputatio 29. Turnhout: Brepols, 2016.<\/p>\n<p><a name=\"wallace\"><\/a>Wallace, David, ed. <em>The Cambridge History of Medieval English Literature<\/em>. Cambridge: Cambridge Univ. Press, 1998.<\/p>\n<p><a name=\"walshwood\"><\/a>Walsh, Katherine, and Diana Wood, eds. <em>The Bible in the Medieval World: Essays in Memory of Beryl Smalley<\/em>. Studies in Church History, Subsidia 4. Oxford: Basil Blackwell, 1985.<\/p>\n<p><a name=\"wilks\"><\/a>Wilks, Michael. <em>Wyclif: Political Ideas and Practice<\/em>. Intro. by Anne Hudson. Oxford: Oxbow Books, 2000.<\/p>\n<p><a name=\"woodchurch\"><\/a>Wood, Diana, ed. <em>The Church and Sovereignity c. 590-1918: Essays in Honour of Michael Wilks<\/em>. Studies in Church History, Subsidia 9. Oxford: Basil Blackwell, 1991.<\/p>\n<p><a name=\"woodcross\"><\/a>\u2014&#8211;. <em>Life and Thought in the Northern Church, c. 1100-c. 1700: Essays in Honour of Claire Cross<\/em>. Studies in Church History, Subsidia 12. Woodbridge: Boydell and Brewer, 1999.<\/p>\n<p><a name=\"woodwomen\"><\/a>&#8212;. <em>Women and Religion in Medieval England<\/em>. Oxford: Oxbow, 2003.<\/p>\n<p><a name=\"zimmermann\"><\/a>Zimmermann, Albert, ed. <em>Antiqui und Moderni: Traditionbewusstsein und Fortschrittsbewusstsein im sp\u00e4ten Mittelalter.<\/em> Miscellanea Mediaevalia, Vol. 9. Berlin: de Gruyter, 1974.<\/p>\n","protected":false},"excerpt":{"rendered":"<p>The books listed in this section contain more than one article listed elsewhere by a shortened reference (which is given by name, and then by title as well if necessary).&nbsp; These are kept here on a separate page because studies in them are cited across all of the other pages on this site.&nbsp; Links from &hellip; <\/p>\n<p class=\"link-more\"><a href=\"https:\/\/lollardsociety.org\/?page_id=7\" class=\"more-link\">Read more<span class=\"screen-reader-text\"> &#8220;Article Collections&#8221;<\/span><\/a><\/p>\n","protected":false},"author":69,"featured_media":0,"parent":6,"menu_order":1,"comment_status":"closed","ping_status":"closed","template":"","meta":{"inspiro_hide_title":false,"footnotes":""},"class_list":["post-7","page","type-page","status-publish","hentry"],"_links":{"self":[{"href":"https:\/\/lollardsociety.org\/index.php?rest_route=\/wp\/v2\/pages\/7","targetHints":{"allow":["GET"]}}],"collection":[{"href":"https:\/\/lollardsociety.org\/index.php?rest_route=\/wp\/v2\/pages"}],"about":[{"href":"https:\/\/lollardsociety.org\/index.php?rest_route=\/wp\/v2\/types\/page"}],"author":[{"embeddable":true,"href":"https:\/\/lollardsociety.org\/index.php?rest_route=\/wp\/v2\/users\/69"}],"replies":[{"embeddable":true,"href":"https:\/\/lollardsociety.org\/index.php?rest_route=%2Fwp%2Fv2%2Fcomments&post=7"}],"version-history":[{"count":0,"href":"https:\/\/lollardsociety.org\/index.php?rest_route=\/wp\/v2\/pages\/7\/revisions"}],"up":[{"embeddable":true,"href":"https:\/\/lollardsociety.org\/index.php?rest_route=\/wp\/v2\/pages\/6"}],"wp:attachment":[{"href":"https:\/\/lollardsociety.org\/index.php?rest_route=%2Fwp%2Fv2%2Fmedia&parent=7"}],"curies":[{"name":"wp","href":"https:\/\/api.w.org\/{rel}","templated":true}]}}